{"id":30,"date":"2018-04-22T15:34:51","date_gmt":"2018-04-22T13:34:51","guid":{"rendered":"http:\/\/dev.cascinasanvincenzo.org\/?page_id=30"},"modified":"2022-12-09T17:10:05","modified_gmt":"2022-12-09T16:10:05","slug":"dieci-anni-in-cascina","status":"publish","type":"page","link":"https:\/\/cascinasanvincenzo.org\/?page_id=30","title":{"rendered":"QUINDICI ANNI IN CASCINA"},"content":{"rendered":"<p><img loading=\"lazy\" decoding=\"async\" class=\"alignleft wp-image-333 size-medium\" src=\"https:\/\/www.cascinasanvincenzo.org\/wp-content\/uploads\/2018\/08\/IMG_2020-300x200.jpg\" alt=\"\" width=\"300\" height=\"200\" srcset=\"https:\/\/cascinasanvincenzo.org\/wp-content\/uploads\/2018\/08\/IMG_2020-300x200.jpg 300w, https:\/\/cascinasanvincenzo.org\/wp-content\/uploads\/2018\/08\/IMG_2020-768x512.jpg 768w, https:\/\/cascinasanvincenzo.org\/wp-content\/uploads\/2018\/08\/IMG_2020-1024x683.jpg 1024w\" sizes=\"auto, (max-width: 300px) 100vw, 300px\" \/><\/p>\n<h3 style=\"text-align: justify;\">La creazione dell\u2019Associazione Cascina San Vincenzo nasce dal desiderio di un gruppo di famiglie di affiancare al loro percorso individuale la condivisione di un percorso di vicinanza solidale e l\u2019accompagnamento di altre famiglie toccate dall\u2019esperienza dell\u2019autismo.<\/h3>\n<h3 style=\"text-align: justify;\">L\u2019idea di creare un\u2019associazione \u00e8 stata avviata in un periodo in cui gli approcci di tipo comportamentale sull\u2019autismo erano ancora poco diffusi e andavano per la maggiore teorie gravemente colpevolizzanti nei confronti delle famiglie (in ultima analisi ritenute responsabili dell\u2019insorgere della sindrome autistica nei bambini). In Italia l\u2019unico riferimento per le famiglie con persone con autismo erano solo alcuni servizi (offerti dal Sistema Sanitario Nazionale) prettamente medico-specialistici in assenza di qualsiasi supporto alle famiglie per la creazione e la gestione di un progetto di vita a tutto tondo per le persone con autismo.<\/h3>\n<blockquote>\n<h2 style=\"text-align: center;\"><span style=\"color: #ff9900;\"><strong>APRIRE NUOVE PROSPETTIVE PER ESSERE PROTAGONISTI DEL DOMANI<\/strong><\/span><\/h2>\n<\/blockquote>\n<h3 style=\"text-align: justify;\">Le famiglie che in capo a qualche anno avrebbero fondato l\u2019Associazione vollero con forza aprire nuove prospettive: dalla loro volont\u00e0 e capacit\u00e0 di trasformare le difficolt\u00e0 incontrate in un percorso costruttivo e comunitario nasce nel 2008 l\u2019Associazione Cascina San Vincenzo.<\/h3>\n<p><img loading=\"lazy\" decoding=\"async\" class=\"aligncenter wp-image-936\" src=\"http:\/\/dev.cascinasanvincenzo.org\/wp-content\/uploads\/2022\/11\/tabella-cronologia-300x292.jpg\" alt=\"\" width=\"537\" height=\"522\" srcset=\"https:\/\/cascinasanvincenzo.org\/wp-content\/uploads\/2022\/11\/tabella-cronologia-300x292.jpg 300w, https:\/\/cascinasanvincenzo.org\/wp-content\/uploads\/2022\/11\/tabella-cronologia-50x50.jpg 50w, https:\/\/cascinasanvincenzo.org\/wp-content\/uploads\/2022\/11\/tabella-cronologia.jpg 667w\" sizes=\"auto, (max-width: 537px) 100vw, 537px\" \/><\/p>\n<h3 style=\"text-align: justify;\">L\u2019Associazione prende il suo nome dal luogo in cui ha sviluppato le sue attivit\u00e0 e in cui vivono in una dimensione comunitaria alcune delle famiglie fondatrici: Cascina San Vincenzo \u00e8 una delle costruzioni storiche di Concorezzo concessa in uso da Caritas Ambrosiana cui fu donata perch\u00e9 venisse utilizzata con uno scopo socialmente utile e che si rivolgesse, in particolare, ai minori in difficolt\u00e0. Dopo la sua fondazione per diversi anni l\u2019Associazione ha curato la ristrutturazione della cascina, dimostrando la capacit\u00e0 di gestire con efficacia i fondi ottenuti (complessivamente quasi 1 mln \u20ac).<\/h3>\n<h3 style=\"text-align: justify;\">Nei primi anni molti sforzi sono stati anche profusi per mettere a punto &#8211; insieme a psicologi, pedagogisti e altri terapisti di grande esperienza &#8211; il modello di intervento che oggi l\u2019Associazione e il suo Centro per l\u2019Autismo mettono in pratica, ispirato all\u2019approccio sistemico e al modello psicoeducativo comportamentale.<\/h3>\n<h3 style=\"text-align: justify;\">Progressivamente Cascina San Vincenzo ha affiancato alla vicinanza solidale, con cui ha sempre accolto le famiglie che si sono rivolte all\u2019associazione, attivit\u00e0 sempre pi\u00f9 qualificate e rivolte a molteplici interlocutori: formazione (introduttiva e specifica), promozione dell\u2019autonomia, laboratori professionalizzanti, attivit\u00e0 di sollievo.<\/h3>\n<h3><\/h3>\n<p><img loading=\"lazy\" decoding=\"async\" class=\"alignnone wp-image-891\" src=\"http:\/\/dev.cascinasanvincenzo.org\/wp-content\/uploads\/2022\/11\/piedo-10-anni-300x59.jpg\" alt=\"\" width=\"875\" height=\"172\" srcset=\"https:\/\/cascinasanvincenzo.org\/wp-content\/uploads\/2022\/11\/piedo-10-anni-300x59.jpg 300w, https:\/\/cascinasanvincenzo.org\/wp-content\/uploads\/2022\/11\/piedo-10-anni.jpg 641w\" sizes=\"auto, (max-width: 875px) 100vw, 875px\" \/><\/p>\n","protected":false},"excerpt":{"rendered":"<p>La creazione dell\u2019Associazione Cascina San Vincenzo nasce dal desiderio di un gruppo di famiglie di affiancare al loro percorso individuale la condivisione di un percorso di vicinanza solidale e l\u2019accompagnamento &#8230;<\/p>\n","protected":false},"author":2,"featured_media":0,"parent":0,"menu_order":0,"comment_status":"closed","ping_status":"closed","template":"","meta":{"footnotes":""},"class_list":["post-30","page","type-page","status-publish","hentry"],"_links":{"self":[{"href":"https:\/\/cascinasanvincenzo.org\/index.php?rest_route=\/wp\/v2\/pages\/30","targetHints":{"allow":["GET"]}}],"collection":[{"href":"https:\/\/cascinasanvincenzo.org\/index.php?rest_route=\/wp\/v2\/pages"}],"about":[{"href":"https:\/\/cascinasanvincenzo.org\/index.php?rest_route=\/wp\/v2\/types\/page"}],"author":[{"embeddable":true,"href":"https:\/\/cascinasanvincenzo.org\/index.php?rest_route=\/wp\/v2\/users\/2"}],"replies":[{"embeddable":true,"href":"https:\/\/cascinasanvincenzo.org\/index.php?rest_route=%2Fwp%2Fv2%2Fcomments&post=30"}],"version-history":[{"count":27,"href":"https:\/\/cascinasanvincenzo.org\/index.php?rest_route=\/wp\/v2\/pages\/30\/revisions"}],"predecessor-version":[{"id":1073,"href":"https:\/\/cascinasanvincenzo.org\/index.php?rest_route=\/wp\/v2\/pages\/30\/revisions\/1073"}],"wp:attachment":[{"href":"https:\/\/cascinasanvincenzo.org\/index.php?rest_route=%2Fwp%2Fv2%2Fmedia&parent=30"}],"curies":[{"name":"wp","href":"https:\/\/api.w.org\/{rel}","templated":true}]}}