{"id":43,"date":"2018-04-24T13:00:18","date_gmt":"2018-04-24T11:00:18","guid":{"rendered":"http:\/\/dev.cascinasanvincenzo.org\/?page_id=43"},"modified":"2026-02-12T17:21:13","modified_gmt":"2026-02-12T16:21:13","slug":"come-sopravviviamo","status":"publish","type":"page","link":"https:\/\/cascinasanvincenzo.org\/?page_id=43","title":{"rendered":"SOSTIENICI"},"content":{"rendered":"<h3><strong>Dona ora, e aiutaci a trovare modi sempre pi\u00f9 efficaci per essere a fianco delle persone con disturbo dello spettro autistico, delle loro famiglie e nell\u2019affrontare insieme le tante sfide che l\u2019autismo presenta quotidianamente. Con la tua donazione ci aiuterai affinch\u00e9 sempre pi\u00f9 persone possano beneficiare alle attivit\u00e0 dell\u2019Associazione.<\/strong><\/h3>\n<h4>Ci puoi aiutare finanziariamente tramite una donazione:<\/h4>\n<h4><b>Conto Corrente Postale n. 95684239<\/b><br \/>\nIntestato a: Associazione Cascina San Vincenzo onlus<\/h4>\n<h4>Conto corrente bancario:<\/h4>\n<h4><b>Banca Intesa<\/b>\u00a0\u2013 Filiale di Monza<br \/>\n<b>IBAN: IT 46 B030 6920 4071 0000 0064 524<\/b><\/h4>\n<h4><b>Banca Popolare Etica<\/b>\u00a0Filiale di Milano<br \/>\n<b>IBAN: IT25 U050 1801 6000 0001 1494 796<\/b><\/h4>\n<h2 style=\"text-align: center;\"><span style=\"color: #ff0000;\"><strong>PER EFFETTUARE UNA DONAZIONE <\/strong><\/span><\/h2>\n<h2 style=\"text-align: center;\"><span style=\"color: #ff0000;\"><strong>A FAVORE DEL PROGETTO AUT EVOLUTION<\/strong><\/span><\/h2>\n<h3 style=\"text-align: center;\"><span style=\"color: #0000ff;\"><strong>Bonifico bancario con le seguenti indicazioni:<\/strong><\/span><br \/>\n<span style=\"color: #0000ff;\"><strong>BENEFICIARIO: ASSOCIAZIONE CASCINA SAN VINCENZO<\/strong><\/span><br \/>\n<span style=\"color: #0000ff;\"><strong>IBAN: IT25 U050 1801 6000 0001 1494 796<\/strong><\/span><br \/>\n<span style=\"color: #0000ff;\"><strong>CAUSALE: Social Bonus \u2013 ASSOCIAZIONE CASCINA SAN VINCENZO<\/strong><\/span><br \/>\n<span style=\"color: #0000ff;\"><strong>+ Codice fiscale o Partita Iva del donatore<\/strong><\/span><\/h3>\n<h4>La nostra associazione \u00e8 una ONLUS e quindi \u00e8 possibile godere benefici fiscali per le donazioni:<br \/>\na) dedurre la donazione dal proprio reddito per un importo non superiore al 10% del reddito complessivo dichiarato, nella misura massima di 70.000 euro annui (art. 14, comma 1 del D.L. 35\/05 convertito in legge n. 80 del 14\/05\/2005); oppure<br \/>\nb) detrarre dall&#8217;imposta lorda il 19% dell&#8217;importo donato fino ad un massimo di 2.065,83 euro (art.15, comma 1 lettera i-bis del D.P.R. 917\/86)<br \/>\nConserva sempre la ricevuta del versamento della donazione per la tua dichiarazione dei redditi.<\/h4>\n","protected":false},"excerpt":{"rendered":"<p>Dona ora, e aiutaci a trovare modi sempre pi\u00f9 efficaci per essere a fianco delle persone con disturbo dello spettro autistico, delle loro famiglie e nell\u2019affrontare insieme le tante sfide &#8230;<\/p>\n","protected":false},"author":2,"featured_media":0,"parent":0,"menu_order":0,"comment_status":"closed","ping_status":"closed","template":"","meta":{"footnotes":""},"class_list":["post-43","page","type-page","status-publish","hentry"],"_links":{"self":[{"href":"https:\/\/cascinasanvincenzo.org\/index.php?rest_route=\/wp\/v2\/pages\/43","targetHints":{"allow":["GET"]}}],"collection":[{"href":"https:\/\/cascinasanvincenzo.org\/index.php?rest_route=\/wp\/v2\/pages"}],"about":[{"href":"https:\/\/cascinasanvincenzo.org\/index.php?rest_route=\/wp\/v2\/types\/page"}],"author":[{"embeddable":true,"href":"https:\/\/cascinasanvincenzo.org\/index.php?rest_route=\/wp\/v2\/users\/2"}],"replies":[{"embeddable":true,"href":"https:\/\/cascinasanvincenzo.org\/index.php?rest_route=%2Fwp%2Fv2%2Fcomments&post=43"}],"version-history":[{"count":7,"href":"https:\/\/cascinasanvincenzo.org\/index.php?rest_route=\/wp\/v2\/pages\/43\/revisions"}],"predecessor-version":[{"id":1692,"href":"https:\/\/cascinasanvincenzo.org\/index.php?rest_route=\/wp\/v2\/pages\/43\/revisions\/1692"}],"wp:attachment":[{"href":"https:\/\/cascinasanvincenzo.org\/index.php?rest_route=%2Fwp%2Fv2%2Fmedia&parent=43"}],"curies":[{"name":"wp","href":"https:\/\/api.w.org\/{rel}","templated":true}]}}