{"id":46,"date":"2018-04-24T13:01:26","date_gmt":"2018-04-24T11:01:26","guid":{"rendered":"http:\/\/dev.cascinasanvincenzo.org\/?page_id=46"},"modified":"2022-12-09T17:03:23","modified_gmt":"2022-12-09T16:03:23","slug":"i-nostri-servizi","status":"publish","type":"page","link":"https:\/\/cascinasanvincenzo.org\/?page_id=46","title":{"rendered":"LE NOSTRE ATTIVITA&#8217;"},"content":{"rendered":"<h3>L\u2019Associazione Cascina San Vincenzo offre un&#8217;ampia gamma di <span style=\"color: #ff9900;\">servizi<\/span> ai bambini, ai ragazzi e alle loro famiglie. Opera <span style=\"color: #ff9900;\">formazione continua<\/span> sia interna che esterna, progetta e realizza <span style=\"color: #ff9900;\">interventi abilitativi<\/span> e per la famiglia, ed introduce i ragazzi dai 16 ai 25 anni in un <span style=\"color: #ff9900;\">percorso pre-professionalizzante<\/span> mirante a verificare la possibilit\u00e0 concreta di costruire uno sbocco di tipo lavorativo adeguato alle loro caratteristiche e ai loro bisogni, nell&#8217;essenza del progetto di vita sul quale l&#8217;Associazione \u00e8 stata creata.<\/h3>\n<h3>L\u2019ambizione dell\u2019Associazione Cascina San Vincenzo \u00e8 garantire ai soggetti con autismo e alle loro famiglie un sostegno adeguato in tutte le fasi della vita sociale. Con tutti i propri interventi Cascina San Vincenzo e il Centro Autismo si prefiggono di aiutare bambini\/e e ragazzi\/e che li frequentano a raggiungere il massimo livello di autonomia possibile, compatibile con il grado di disabilit\u00e0 iniziale, facendo leva sugli aspetti ludici della vita e a fornire alle famiglie opportunit\u00e0 formative e occasioni di sollievo.<\/h3>\n<h3>Nel perseguire questi scopi l\u2019Associazione si concentra soprattutto su:<\/h3>\n<h3>&#8211; una <span style=\"color: #ff9900;\">formazione e un supporto adeguati per il nucleo famigliare<\/span> nel suo complesso<\/h3>\n<h3>&#8211; <span style=\"color: #ff9900;\">l\u2019abilitazione e la riabilitazione personalizzata<\/span> della persona con autismo<\/h3>\n<h3>&#8211; il\u00a0<span style=\"color: #ff9900;\">lavoro di rete<\/span> per consentire alle persone con autismo di integrarsi con la realt\u00e0 che le circonda; ma anche per far crescere chi si relaziona con le persone autistiche perch\u00e9 diventi capace di instaurare con loro un rapporto autentico<\/h3>\n<h3>&#8211; il\u00a0<span style=\"color: #ff9900;\">coinvolgimento del volontariato<\/span> locale.<\/h3>\n<h3 style=\"padding-left: 30px;\">Per validare e supportare scientificamente le proprie linee di indirizzo e scelte operative Cascina San Vincenzo ha costituito un <a href=\"http:\/\/cascinasanvincenzo.org\/comitato-scientifico\/\"><span style=\"color: #ff9900;\">Comitato Scientifico<\/span><\/a><!-- CI POTREBBE ESSERE UNLINK ALLA PAGINA DELLE DESCRIZIONI DEL COMITATO SCIENTIFICO --> di professionisti esterni che si riunisce periodicamente.<\/h3>\n<h3>L\u2019intervento a beneficio della persona con autismo viene impostato e attuato considerando il soggetto innanzitutto come parte di un sistema, un componente di una rete sociale articolata composta innanzitutto dalla famiglia e poi dalla scuola, da varie attivit\u00e0 e persone con cui ha a che fare, dalla comunit\u00e0 locale.<\/h3>\n<h3>La famiglia viene considerata il nucleo attorno al quale costruire per la persona con autismo una rete concreta fatta di conoscenza, opportunit\u00e0 sociali e riabilitazione, che possa garantire un futuro e un importante miglioramento della qualit\u00e0 della vita. E la famiglia non pu\u00f2 essere lasciata sola in questo compito: formazione e supporto adeguati possono renderla lo snodo di una rete rispetto alla quale gli altri attori come specialisti, scuola, societ\u00e0 sportive, famiglia allargata e amicizie si muovono coerentemente e sinergicamente per realizzare il progetto di vita pensato e condiviso con la famiglia.<\/h3>\n<h3>Pertanto ogni percorso di abilitazione\/riabilitazione \u00e8 personalizzato nell\u2019impostazione e nell\u2019attuazione e coinvolge tutti i soggetti che compongono la rete sociale del soggetto trattato, in modi e misure differenti caso per caso.<\/h3>\n<h1><span style=\"color: #ff9900;\">Metodologia e approccio<\/span><\/h1>\n<h3>Il Centro per l\u2019Autismo di Cascina S. Vincenzo si colloca tra i Servizi di Secondo livello, ovvero esegue valutazioni funzionali e opera su aspetti di carattere riabilitativo.<\/h3>\n<h3>Tutte le attivit\u00e0 riabilitative proposte dal Centro per l\u2019Autismo si ispirano ad approcci e filosofie di tipo <span style=\"color: #ff9900;\">psicoeducativo\/comportamentale<\/span>, <span style=\"color: #ff9900;\">integrazione multidisciplinare degli interventi<\/span> (Psicoeducativi, cognitivi, logopedici, ecc.), integrazione di <span style=\"color: #ff9900;\">modelli comportamentali di intervento specifici per l&#8217;autismo<\/span> come per altro suggerito dalle linee guida nazionali.<\/h3>\n<h3>La particolare attenzione alla famiglia intesa come sistema con una storia, delle emozioni, delle paure, aspettative e bisogni si declina anche nell\u2019approccio del Centro.<\/h3>\n<h3>La focalizzazione di attenzione e sforzi dell\u2019Associazione e del suo Centro Autismo su questi aspetti \u00e8 dovuta soprattutto alla scelta di adottare un approccio sistemico secondo il metodo psicoeducativo comportamentale nel trattamento dei soggetti con diagnosi riconducibili allo spettro autistico: l\u2019intervento a beneficio del soggetto autistico viene impostato e attuato considerando il soggetto innanzitutto come parte di un sistema, un componente di una rete sociale articolata composta innanzitutto dalla famiglia e poi dalla scuola, da varie attivit\u00e0 e persone con cui ha a che fare, dalla comunit\u00e0 locale.<\/h3>\n<h3>Il progetto educativo proposto tiene conto di tutti i membri della famiglia, intesa come \u201cfamiglia allargata\u201d (genitori, fratelli, nonni, zii \u2026.)<\/h3>\n<h3>L\u2019approccio cognitivo comportamentale si integra cos\u00ec con un approccio di stampo sistemico.<\/h3>\n","protected":false},"excerpt":{"rendered":"<p>L\u2019Associazione Cascina San Vincenzo offre un&#8217;ampia gamma di servizi ai bambini, ai ragazzi e alle loro famiglie. Opera formazione continua sia interna che esterna, progetta e realizza interventi abilitativi e &#8230;<\/p>\n","protected":false},"author":2,"featured_media":0,"parent":0,"menu_order":0,"comment_status":"closed","ping_status":"closed","template":"","meta":{"footnotes":""},"class_list":["post-46","page","type-page","status-publish","hentry"],"_links":{"self":[{"href":"https:\/\/cascinasanvincenzo.org\/index.php?rest_route=\/wp\/v2\/pages\/46","targetHints":{"allow":["GET"]}}],"collection":[{"href":"https:\/\/cascinasanvincenzo.org\/index.php?rest_route=\/wp\/v2\/pages"}],"about":[{"href":"https:\/\/cascinasanvincenzo.org\/index.php?rest_route=\/wp\/v2\/types\/page"}],"author":[{"embeddable":true,"href":"https:\/\/cascinasanvincenzo.org\/index.php?rest_route=\/wp\/v2\/users\/2"}],"replies":[{"embeddable":true,"href":"https:\/\/cascinasanvincenzo.org\/index.php?rest_route=%2Fwp%2Fv2%2Fcomments&post=46"}],"version-history":[{"count":12,"href":"https:\/\/cascinasanvincenzo.org\/index.php?rest_route=\/wp\/v2\/pages\/46\/revisions"}],"predecessor-version":[{"id":1069,"href":"https:\/\/cascinasanvincenzo.org\/index.php?rest_route=\/wp\/v2\/pages\/46\/revisions\/1069"}],"wp:attachment":[{"href":"https:\/\/cascinasanvincenzo.org\/index.php?rest_route=%2Fwp%2Fv2%2Fmedia&parent=46"}],"curies":[{"name":"wp","href":"https:\/\/api.w.org\/{rel}","templated":true}]}}