{"id":53,"date":"2018-04-24T13:04:27","date_gmt":"2018-04-24T11:04:27","guid":{"rendered":"http:\/\/dev.cascinasanvincenzo.org\/?page_id=53"},"modified":"2022-11-02T17:34:24","modified_gmt":"2022-11-02T16:34:24","slug":"interventi-per-la-famiglia","status":"publish","type":"page","link":"https:\/\/cascinasanvincenzo.org\/?page_id=53","title":{"rendered":"INTERVENTI PER LA FAMIGLIA"},"content":{"rendered":"<h3>La famiglia \u00e8 il nucleo attorno al quale costruire una rete di conoscenza, opportunit\u00e0 sociali e riabilitazione, che possa garantire un futuro e un miglioramento della qualit\u00e0 della vita di persone con disturbi dello spettro autistico verso l\u2019autonomia.<\/h3>\n<h3>Formazione e supporto adeguati possono rendere la famiglia lo snodo di una rete fra terapeuti, scuola, societ\u00e0 sportive, luoghi del tempo libero, parenti e amicizie. Nella rete gli attori dei contesti di vita della persona con disturbi dello spettro autistico si muovono coerentemente e sinergicamente per favorire la realizzazione del progetto di vita pensato e condiviso con la famiglia.<\/h3>\n<h3>I percorsi di abilitazione\/riabilitazione sono personalizzati e coinvolgono tutti gli attori della rete. Ad ogni famiglia viene proposta una presa in carico globale con l\u2019obiettivo di realizzare un intervento soprattutto nei contesti di vita maggiormente frequentati da bambini\/e e ragazzi\/e, in famiglia ed a scuola. Il modello di intervento messo a punto dal Centro Autismo di Cascina San Vincenzo prevede una formazione di base e continua dei famigliari, degli insegnanti e di altri attori coinvolti nel progetto di vita in modo da creare una condivisione di competenze e obiettivi che facilitino e accompagnino la la crescita.<\/h3>\n","protected":false},"excerpt":{"rendered":"<p>La famiglia \u00e8 il nucleo attorno al quale costruire una rete di conoscenza, opportunit\u00e0 sociali e riabilitazione, che possa garantire un futuro e un miglioramento della qualit\u00e0 della vita di &#8230;<\/p>\n","protected":false},"author":2,"featured_media":0,"parent":0,"menu_order":0,"comment_status":"closed","ping_status":"closed","template":"","meta":{"footnotes":""},"class_list":["post-53","page","type-page","status-publish","hentry"],"_links":{"self":[{"href":"https:\/\/cascinasanvincenzo.org\/index.php?rest_route=\/wp\/v2\/pages\/53","targetHints":{"allow":["GET"]}}],"collection":[{"href":"https:\/\/cascinasanvincenzo.org\/index.php?rest_route=\/wp\/v2\/pages"}],"about":[{"href":"https:\/\/cascinasanvincenzo.org\/index.php?rest_route=\/wp\/v2\/types\/page"}],"author":[{"embeddable":true,"href":"https:\/\/cascinasanvincenzo.org\/index.php?rest_route=\/wp\/v2\/users\/2"}],"replies":[{"embeddable":true,"href":"https:\/\/cascinasanvincenzo.org\/index.php?rest_route=%2Fwp%2Fv2%2Fcomments&post=53"}],"version-history":[{"count":2,"href":"https:\/\/cascinasanvincenzo.org\/index.php?rest_route=\/wp\/v2\/pages\/53\/revisions"}],"predecessor-version":[{"id":868,"href":"https:\/\/cascinasanvincenzo.org\/index.php?rest_route=\/wp\/v2\/pages\/53\/revisions\/868"}],"wp:attachment":[{"href":"https:\/\/cascinasanvincenzo.org\/index.php?rest_route=%2Fwp%2Fv2%2Fmedia&parent=53"}],"curies":[{"name":"wp","href":"https:\/\/api.w.org\/{rel}","templated":true}]}}