{"id":9,"date":"2018-04-20T09:18:01","date_gmt":"2018-04-20T07:18:01","guid":{"rendered":"http:\/\/dev.cascinasanvincenzo.org\/?page_id=9"},"modified":"2025-01-22T14:39:57","modified_gmt":"2025-01-22T13:39:57","slug":"cascina-san-vincenzo","status":"publish","type":"page","link":"https:\/\/cascinasanvincenzo.org\/","title":{"rendered":"home"},"content":{"rendered":"<blockquote>\n<h3>Cascina San Vincenzo accompagna bambini\/e, ragazzi\/e e le loro famiglie, nel confronto quotidiano con l\u2019autismo in tutte le fasi della vita al fine di raggiungere il massimo livello di autonomia possibile\u2026 per tutti!<\/h3>\n<\/blockquote>\n<p><a href=\"https:\/\/www.cascinasanvincenzo.org\/i-nostri-servizi\/\"><img loading=\"lazy\" decoding=\"async\" class=\"alignnone wp-image-284\" src=\"http:\/\/dev.cascinasanvincenzo.org\/wp-content\/uploads\/2018\/05\/ICONELUNGHEDEF.002.jpg\" alt=\"\" width=\"600\" height=\"150\" srcset=\"https:\/\/cascinasanvincenzo.org\/wp-content\/uploads\/2018\/05\/ICONELUNGHEDEF.002.jpg 800w, https:\/\/cascinasanvincenzo.org\/wp-content\/uploads\/2018\/05\/ICONELUNGHEDEF.002-300x75.jpg 300w, https:\/\/cascinasanvincenzo.org\/wp-content\/uploads\/2018\/05\/ICONELUNGHEDEF.002-768x192.jpg 768w\" sizes=\"auto, (max-width: 600px) 100vw, 600px\" \/><\/a><\/p>\n<blockquote>\n<h3>Cascina San Vincenzo \u00e8 nata nel 2008.\u00a0 Da allora cerca di offrire alle persone con autismo e alle loro famiglie un ambiente in cui \u201ctrovarsi a casa\u201d, dove nessuno \u00e8 lasciato solo. Questo \u00e8 reso possibile grazie all\u2019esperienza ed alla competenza di una \u00e9quipe professionale integrata di psicologi, pedagogisti, educatori, logopedisti, psicomotricisti che modellano i percorsi abilitativi e riabilitativi sulle caratteristiche di ogni persona e delle rispettive famiglie.<\/h3>\n<h3 style=\"text-align: justify;\">In Cascina San Vincenzo vivono anche due famiglie che accompagnano la vita associativa <strong>contribuendo<\/strong> all\u2019accoglienza delle famiglie donando un senso di casa accogliente.<\/h3>\n<\/blockquote>\n<p><a href=\"http:\/\/cascinasanvincenzo.org\/category\/informazionieventi\/\"><img loading=\"lazy\" decoding=\"async\" class=\"alignnone wp-image-1014\" src=\"http:\/\/dev.cascinasanvincenzo.org\/wp-content\/uploads\/2022\/12\/news-300x75.jpg\" alt=\"\" width=\"600\" height=\"150\" srcset=\"https:\/\/cascinasanvincenzo.org\/wp-content\/uploads\/2022\/12\/news-300x75.jpg 300w, https:\/\/cascinasanvincenzo.org\/wp-content\/uploads\/2022\/12\/news.jpg 601w\" sizes=\"auto, (max-width: 600px) 100vw, 600px\" \/><\/a><\/p>\n<blockquote>\n<h3>L\u2019Associazione Cascina San Vincenzo organizza incontri, attivit\u00e0 di condivisione, momenti ludico-ricreativi, che si affiancano alla proposta formativa e terapeutica.<\/h3>\n<\/blockquote>\n<p><a href=\"http:\/\/cascinasanvincenzo.org\/contattaci\/\"><img loading=\"lazy\" decoding=\"async\" class=\"alignnone wp-image-287\" src=\"http:\/\/dev.cascinasanvincenzo.org\/wp-content\/uploads\/2018\/05\/ICONELUNGHEDEF.004.jpg\" alt=\"\" width=\"600\" height=\"150\" srcset=\"https:\/\/cascinasanvincenzo.org\/wp-content\/uploads\/2018\/05\/ICONELUNGHEDEF.004.jpg 800w, https:\/\/cascinasanvincenzo.org\/wp-content\/uploads\/2018\/05\/ICONELUNGHEDEF.004-300x75.jpg 300w, https:\/\/cascinasanvincenzo.org\/wp-content\/uploads\/2018\/05\/ICONELUNGHEDEF.004-768x192.jpg 768w\" sizes=\"auto, (max-width: 600px) 100vw, 600px\" \/><\/a><\/p>\n<blockquote>\n<h3>Cascina San Vincenzo si trova a Concorezzo (MB)\u00a0 in via San Vincenzo, 5 all\u2019interno di una antica cascina ristrutturata (la sede storica) e in via don Girotti 19 (inaugurata il 2 aprile 2022).<\/h3>\n<h3>Contattarci con la e-mail, il telefono oppure sui social.<\/h3>\n<h3 style=\"text-align: justify;\">Guarda come raggiungerci visualizzando le mappe <a href=\"http:\/\/cascinasanvincenzo.org\/contattaci\/\">qui<\/a>.<\/h3>\n<\/blockquote>\n<p><a href=\"http:\/\/cascinasanvincenzo.org\/come-sopravviviamo\/\"><img loading=\"lazy\" decoding=\"async\" class=\"alignnone wp-image-288\" src=\"http:\/\/dev.cascinasanvincenzo.org\/wp-content\/uploads\/2018\/05\/ICONELUNGHEDEF.005.jpg\" alt=\"\" width=\"600\" height=\"150\" srcset=\"https:\/\/cascinasanvincenzo.org\/wp-content\/uploads\/2018\/05\/ICONELUNGHEDEF.005.jpg 800w, https:\/\/cascinasanvincenzo.org\/wp-content\/uploads\/2018\/05\/ICONELUNGHEDEF.005-300x75.jpg 300w, https:\/\/cascinasanvincenzo.org\/wp-content\/uploads\/2018\/05\/ICONELUNGHEDEF.005-768x192.jpg 768w\" sizes=\"auto, (max-width: 600px) 100vw, 600px\" \/><\/a><\/p>\n<blockquote>\n<h3 style=\"text-align: justify;\">Cascina San Vincenzo \u00e8 una Organizzazione Non Lucrativa per l&#8217;Utilit\u00e0 Sociale ONLUS dal 2008. Scopri come puoi sostenere la nostra attivit\u00e0: ogni contributo \u00e8 importante.<\/h3>\n<\/blockquote>\n","protected":false},"excerpt":{"rendered":"<p>Cascina San Vincenzo accompagna bambini\/e, ragazzi\/e e le loro famiglie, nel confronto quotidiano con l\u2019autismo in tutte le fasi della vita al fine di raggiungere il massimo livello di autonomia &#8230;<\/p>\n","protected":false},"author":2,"featured_media":0,"parent":0,"menu_order":0,"comment_status":"closed","ping_status":"closed","template":"","meta":{"footnotes":""},"class_list":["post-9","page","type-page","status-publish","hentry"],"_links":{"self":[{"href":"https:\/\/cascinasanvincenzo.org\/index.php?rest_route=\/wp\/v2\/pages\/9","targetHints":{"allow":["GET"]}}],"collection":[{"href":"https:\/\/cascinasanvincenzo.org\/index.php?rest_route=\/wp\/v2\/pages"}],"about":[{"href":"https:\/\/cascinasanvincenzo.org\/index.php?rest_route=\/wp\/v2\/types\/page"}],"author":[{"embeddable":true,"href":"https:\/\/cascinasanvincenzo.org\/index.php?rest_route=\/wp\/v2\/users\/2"}],"replies":[{"embeddable":true,"href":"https:\/\/cascinasanvincenzo.org\/index.php?rest_route=%2Fwp%2Fv2%2Fcomments&post=9"}],"version-history":[{"count":146,"href":"https:\/\/cascinasanvincenzo.org\/index.php?rest_route=\/wp\/v2\/pages\/9\/revisions"}],"predecessor-version":[{"id":1578,"href":"https:\/\/cascinasanvincenzo.org\/index.php?rest_route=\/wp\/v2\/pages\/9\/revisions\/1578"}],"wp:attachment":[{"href":"https:\/\/cascinasanvincenzo.org\/index.php?rest_route=%2Fwp%2Fv2%2Fmedia&parent=9"}],"curies":[{"name":"wp","href":"https:\/\/api.w.org\/{rel}","templated":true}]}}